{"id":42,"date":"2018-05-17T09:34:18","date_gmt":"2018-05-17T09:34:18","guid":{"rendered":"http:\/\/www.eves-goldendoodle.ch\/?page_id=42"},"modified":"2025-02-21T15:58:50","modified_gmt":"2025-02-21T15:58:50","slug":"mehr-ueber-uns","status":"publish","type":"page","link":"https:\/\/www.eves-goldendoodle.ch\/index.php\/mehr-ueber-uns\/","title":{"rendered":"Mehr \u00fcber uns"},"content":{"rendered":"<p><strong>Mayla<\/strong><\/p>\n<p>Als drei Monate alter Welpen ist Mayla zu uns gekommen. Mayla lernt rasch und mit ihrer freundlichen Ausstrahlung und mit ihrem feinen Wesen zog sie bald viel Aufmerksamkeit auf sich.<\/p>\n<p>Und dann stellt sich mit einer H\u00fcndin die Frage: Z\u00fcchten oder nicht? Wir fanden einen pr\u00e4chtigen R\u00fcden und so wurde Mayla im Fr\u00fchjahr 2018 tr\u00e4chtig und warf im Juni neun pr\u00e4chtige Welpen, die alle zu sch\u00f6nen und guten Hunden wurden.<\/p>\n<p>Jetzt 2021, sorgte Sam , ein wundersch\u00f6ner K\u00f6nigspudel, f\u00fcr Maylas Welpenstube.<\/p>\n<p><img loading=\"lazy\" decoding=\"async\" class=\"alignnone wp-image-988\" src=\"https:\/\/www.eves-goldendoodle.ch\/wp-content\/uploads\/2021\/09\/PHOTO-2021-09-11-13-47-51.jpg\" alt=\"\" width=\"313\" height=\"418\" srcset=\"https:\/\/www.eves-goldendoodle.ch\/wp-content\/uploads\/2021\/09\/PHOTO-2021-09-11-13-47-51.jpg 480w, https:\/\/www.eves-goldendoodle.ch\/wp-content\/uploads\/2021\/09\/PHOTO-2021-09-11-13-47-51-225x300.jpg 225w\" sizes=\"auto, (max-width: 313px) 100vw, 313px\" \/><\/p>\n<p>&nbsp;<\/p>\n","protected":false},"excerpt":{"rendered":"<p>Mayla Als drei Monate alter Welpen ist Mayla zu uns gekommen. Mayla lernt rasch und mit ihrer freundlichen Ausstrahlung und mit ihrem feinen Wesen zog sie bald viel Aufmerksamkeit auf sich. Und dann stellt sich mit einer H\u00fcndin die Frage: Z\u00fcchten oder nicht? Wir fanden einen pr\u00e4chtigen R\u00fcden und so wurde Mayla im Fr\u00fchjahr 2018 &hellip; <\/p>\n<p class=\"link-more\"><a href=\"https:\/\/www.eves-goldendoodle.ch\/index.php\/mehr-ueber-uns\/\" class=\"more-link\"><span class=\"screen-reader-text\">\u201eMehr \u00fcber uns\u201c <\/span>weiterlesen<\/a><\/p>\n","protected":false},"author":1,"featured_media":898,"parent":0,"menu_order":0,"comment_status":"closed","ping_status":"closed","template":"","meta":{"footnotes":""},"class_list":["post-42","page","type-page","status-publish","has-post-thumbnail","hentry"],"_links":{"self":[{"href":"https:\/\/www.eves-goldendoodle.ch\/index.php\/wp-json\/wp\/v2\/pages\/42","targetHints":{"allow":["GET"]}}],"collection":[{"href":"https:\/\/www.eves-goldendoodle.ch\/index.php\/wp-json\/wp\/v2\/pages"}],"about":[{"href":"https:\/\/www.eves-goldendoodle.ch\/index.php\/wp-json\/wp\/v2\/types\/page"}],"author":[{"embeddable":true,"href":"https:\/\/www.eves-goldendoodle.ch\/index.php\/wp-json\/wp\/v2\/users\/1"}],"replies":[{"embeddable":true,"href":"https:\/\/www.eves-goldendoodle.ch\/index.php\/wp-json\/wp\/v2\/comments?post=42"}],"version-history":[{"count":19,"href":"https:\/\/www.eves-goldendoodle.ch\/index.php\/wp-json\/wp\/v2\/pages\/42\/revisions"}],"predecessor-version":[{"id":1481,"href":"https:\/\/www.eves-goldendoodle.ch\/index.php\/wp-json\/wp\/v2\/pages\/42\/revisions\/1481"}],"wp:featuredmedia":[{"embeddable":true,"href":"https:\/\/www.eves-goldendoodle.ch\/index.php\/wp-json\/wp\/v2\/media\/898"}],"wp:attachment":[{"href":"https:\/\/www.eves-goldendoodle.ch\/index.php\/wp-json\/wp\/v2\/media?parent=42"}],"curies":[{"name":"wp","href":"https:\/\/api.w.org\/{rel}","templated":true}]}}